{"id":5005,"date":"2020-10-18T23:15:16","date_gmt":"2020-10-18T21:15:16","guid":{"rendered":"https:\/\/ambalaze.com\/?post_type=product&#038;p=5005"},"modified":"2021-02-02T15:33:43","modified_gmt":"2021-02-02T13:33:43","slug":"pvc-noz","status":"publish","type":"product","link":"https:\/\/karpasambalaze.com\/de\/proizvodi\/pvc-noz\/","title":{"rendered":"PVC no\u017e"},"content":{"rendered":"","protected":false},"excerpt":{"rendered":"<p><span>Na\u0161e poslovanje zasnivamo na kvalitetnim proizvodima, odli\u010dnoj komunikaciji sa klijentima i pogodnostima za sve na\u0161e kupce! Na\u0161e proizvode dostavljamo na va\u0161u adresu!<\/span><br \/>\n[mks_toggle title=\"Opis\" state=\"close\"]<\/p>\n<p>PVC NO\u017d<br \/>\n100\/1<\/p>\n<p><span style=\"font-size: 1rem;\">[\/mks_toggle]<\/span><\/p>\n[mks_button size=\"small\" title=\"Po\u0161aljite upit\" style=\"rounded\" url=\"https:\/\/ambalaze.com\/kontakt\" target=\"_self\" bg_color=\"#735592\" txt_color=\"#FFFFFF\" icon=\"fa-envelope-o\" icon_type=\"fa\" nofollow=\"0\"]\n","protected":false},"featured_media":5006,"template":"","meta":[],"_links":{"self":[{"href":"https:\/\/karpasambalaze.com\/de\/wp-json\/wp\/v2\/product\/5005"}],"collection":[{"href":"https:\/\/karpasambalaze.com\/de\/wp-json\/wp\/v2\/product"}],"about":[{"href":"https:\/\/karpasambalaze.com\/de\/wp-json\/wp\/v2\/types\/product"}],"wp:featuredmedia":[{"embeddable":true,"href":"https:\/\/karpasambalaze.com\/de\/wp-json\/wp\/v2\/media\/5006"}],"wp:attachment":[{"href":"https:\/\/karpasambalaze.com\/de\/wp-json\/wp\/v2\/media?parent=5005"}],"curies":[{"name":"wp","href":"https:\/\/api.w.org\/{rel}","templated":true}]}}