{"id":5015,"date":"2020-10-22T23:20:59","date_gmt":"2020-10-22T21:20:59","guid":{"rendered":"https:\/\/ambalaze.com\/?post_type=product&#038;p=5015"},"modified":"2021-02-02T15:33:44","modified_gmt":"2021-02-02T13:33:44","slug":"tsk-kese","status":"publish","type":"product","link":"https:\/\/karpasambalaze.com\/de\/proizvodi\/tsk-kese\/","title":{"rendered":"TSK kese"},"content":{"rendered":"","protected":false},"excerpt":{"rendered":"<p><span>Na\u0161e poslovanje zasnivamo na kvalitetnim proizvodima, odli\u010dnoj komunikaciji sa klijentima i pogodnostima za sve na\u0161e kupce! Na\u0161e proizvode dostavljamo na va\u0161u adresu!<\/span><br \/>\n[mks_toggle title=\"Opis\" state=\"close\"]<\/p>\n<p>TSK KESE<br \/>\nrazne dimenzije<\/p>\n<p><span style=\"font-size: 1rem;\">[\/mks_toggle]<\/span><\/p>\n[mks_button size=\"small\" title=\"Po\u0161aljite upit\" style=\"rounded\" url=\"https:\/\/ambalaze.com\/kontakt\" target=\"_self\" bg_color=\"#735592\" txt_color=\"#FFFFFF\" icon=\"fa-envelope-o\" icon_type=\"fa\" nofollow=\"0\"]\n","protected":false},"featured_media":5016,"template":"","meta":[],"_links":{"self":[{"href":"https:\/\/karpasambalaze.com\/de\/wp-json\/wp\/v2\/product\/5015"}],"collection":[{"href":"https:\/\/karpasambalaze.com\/de\/wp-json\/wp\/v2\/product"}],"about":[{"href":"https:\/\/karpasambalaze.com\/de\/wp-json\/wp\/v2\/types\/product"}],"wp:featuredmedia":[{"embeddable":true,"href":"https:\/\/karpasambalaze.com\/de\/wp-json\/wp\/v2\/media\/5016"}],"wp:attachment":[{"href":"https:\/\/karpasambalaze.com\/de\/wp-json\/wp\/v2\/media?parent=5015"}],"curies":[{"name":"wp","href":"https:\/\/api.w.org\/{rel}","templated":true}]}}